{"id":17,"date":"2025-02-21T11:10:32","date_gmt":"2025-02-21T10:10:32","guid":{"rendered":"https:\/\/www.friseur-coaching.de\/_musterweb2\/?page_id=17"},"modified":"2025-03-06T20:22:55","modified_gmt":"2025-03-06T19:22:55","slug":"team","status":"publish","type":"page","link":"https:\/\/www.friseur-coaching.de\/_musterweb2\/team\/","title":{"rendered":"Team"},"content":{"rendered":"\t\t<div data-elementor-type=\"wp-page\" data-elementor-id=\"17\" class=\"elementor elementor-17\" data-elementor-settings=\"{&quot;ha_cmc_init_switcher&quot;:&quot;no&quot;}\" data-elementor-post-type=\"page\">\n\t\t\t\t<div class=\"elementor-element elementor-element-4bfffbb e-con-full e-flex wpr-particle-no wpr-jarallax-no wpr-parallax-no wpr-sticky-section-no e-con e-parent\" data-id=\"4bfffbb\" data-element_type=\"container\" data-settings=\"{&quot;background_background&quot;:&quot;classic&quot;,&quot;_ha_eqh_enable&quot;:false}\">\n\t\t<div class=\"elementor-element elementor-element-2dfad71 e-con-full e-flex wpr-particle-no wpr-jarallax-no wpr-parallax-no wpr-sticky-section-no e-con e-child\" data-id=\"2dfad71\" data-element_type=\"container\" data-settings=\"{&quot;background_background&quot;:&quot;classic&quot;,&quot;_ha_eqh_enable&quot;:false}\">\n\t\t\t\t<div class=\"elementor-element elementor-element-0eaccbf elementor-widget-divider--view-line jltma-glass-effect-no elementor-widget elementor-widget-divider\" data-id=\"0eaccbf\" data-element_type=\"widget\" data-widget_type=\"divider.default\">\n\t\t\t\t<div class=\"elementor-widget-container\">\n\t\t\t\t\t\t\t<div class=\"elementor-divider\">\n\t\t\t<span class=\"elementor-divider-separator\">\n\t\t\t\t\t\t<\/span>\n\t\t<\/div>\n\t\t\t\t\t\t<\/div>\n\t\t\t\t<\/div>\n\t\t\t\t<\/div>\n\t\t<div class=\"elementor-element elementor-element-755b206 e-con-full e-flex wpr-particle-no wpr-jarallax-no wpr-parallax-no wpr-sticky-section-no e-con e-child\" data-id=\"755b206\" data-element_type=\"container\" data-settings=\"{&quot;background_background&quot;:&quot;classic&quot;,&quot;_ha_eqh_enable&quot;:false}\">\n\t\t\t\t<div class=\"elementor-element elementor-element-b0cb8c5 jltma-glass-effect-no elementor-widget elementor-widget-text-editor\" data-id=\"b0cb8c5\" data-element_type=\"widget\" data-widget_type=\"text-editor.default\">\n\t\t\t\t<div class=\"elementor-widget-container\">\n\t\t\t\t\t\t\t\t\t<p>Unser freundliches Team empf\u00e4ngt Dich mit <br \/>einem L\u00e4cheln und sorgt daf\u00fcr, dass Du Dich<br \/>rundum wohlf\u00fchlst.<\/p>\t\t\t\t\t\t\t\t<\/div>\n\t\t\t\t<\/div>\n\t\t\t\t<\/div>\n\t\t\t\t<\/div>\n\t\t<div class=\"elementor-element elementor-element-ac4f86f e-flex e-con-boxed wpr-particle-no wpr-jarallax-no wpr-parallax-no wpr-sticky-section-no e-con e-parent\" data-id=\"ac4f86f\" data-element_type=\"container\" data-settings=\"{&quot;_ha_eqh_enable&quot;:false}\">\n\t\t\t\t\t<div class=\"e-con-inner\">\n\t\t\t\t<div class=\"elementor-element elementor-element-038c44f jltma-glass-effect-no elementor-widget elementor-widget-heading\" data-id=\"038c44f\" data-element_type=\"widget\" data-widget_type=\"heading.default\">\n\t\t\t\t<div class=\"elementor-widget-container\">\n\t\t\t\t\t<h2 class=\"elementor-heading-title elementor-size-default\">Team<\/h2>\t\t\t\t<\/div>\n\t\t\t\t<\/div>\n\t\t\t\t\t<\/div>\n\t\t\t\t<\/div>\n\t\t<div class=\"elementor-element elementor-element-1d76063 e-con-full e-flex wpr-particle-no wpr-jarallax-no wpr-parallax-no wpr-sticky-section-no e-con e-parent\" data-id=\"1d76063\" data-element_type=\"container\" data-settings=\"{&quot;background_background&quot;:&quot;classic&quot;,&quot;shape_divider_top&quot;:&quot;triangle&quot;,&quot;_ha_eqh_enable&quot;:false}\">\n\t\t\t\t<div class=\"elementor-shape elementor-shape-top\" aria-hidden=\"true\" data-negative=\"false\">\n\t\t\t<svg xmlns=\"http:\/\/www.w3.org\/2000\/svg\" viewBox=\"0 0 1000 100\" preserveAspectRatio=\"none\">\n\t<path class=\"elementor-shape-fill\" d=\"M500,98.9L0,6.1V0h1000v6.1L500,98.9z\"\/>\n<\/svg>\t\t<\/div>\n\t\t\t\t<div class=\"elementor-element elementor-element-7af682f jltma-glass-effect-no elementor-widget elementor-widget-image\" data-id=\"7af682f\" data-element_type=\"widget\" data-widget_type=\"image.default\">\n\t\t\t\t<div class=\"elementor-widget-container\">\n\t\t\t\t\t\t\t\t\t\t\t\t\t\t\t<img fetchpriority=\"high\" decoding=\"async\" width=\"430\" height=\"830\" src=\"https:\/\/www.friseur-coaching.de\/_musterweb2\/wp-content\/uploads\/2025\/02\/Salon-Logo.png\" class=\"attachment-large size-large wp-image-492\" alt=\"\" srcset=\"https:\/\/www.friseur-coaching.de\/_musterweb2\/wp-content\/uploads\/2025\/02\/Salon-Logo.png 430w, https:\/\/www.friseur-coaching.de\/_musterweb2\/wp-content\/uploads\/2025\/02\/Salon-Logo-155x300.png 155w\" sizes=\"(max-width: 430px) 100vw, 430px\" \/>\t\t\t\t\t\t\t\t\t\t\t\t\t\t\t<\/div>\n\t\t\t\t<\/div>\n\t\t\t\t<\/div>\n\t\t<div class=\"elementor-element elementor-element-26f46b5 e-con-full bdt-backdrop-filter-yes e-flex wpr-particle-no wpr-jarallax-no wpr-parallax-no wpr-sticky-section-no e-con e-parent\" data-id=\"26f46b5\" data-element_type=\"container\" data-settings=\"{&quot;background_background&quot;:&quot;classic&quot;,&quot;_ha_eqh_enable&quot;:false}\">\n\t\t<div class=\"elementor-element elementor-element-88598c6 e-con-full animated-slow e-flex wpr-particle-no wpr-jarallax-no wpr-parallax-no wpr-sticky-section-no elementor-invisible e-con e-child\" data-id=\"88598c6\" data-element_type=\"container\" data-settings=\"{&quot;background_background&quot;:&quot;classic&quot;,&quot;animation&quot;:&quot;fadeInLeft&quot;,&quot;animation_delay&quot;:400,&quot;_ha_eqh_enable&quot;:false}\">\n\t\t\t\t<div class=\"elementor-element elementor-element-b02b740 jltma-glass-effect-no elementor-widget elementor-widget-image\" data-id=\"b02b740\" data-element_type=\"widget\" data-widget_type=\"image.default\">\n\t\t\t\t<div class=\"elementor-widget-container\">\n\t\t\t\t\t\t\t\t\t\t\t\t\t\t\t<img decoding=\"async\" width=\"1024\" height=\"1024\" src=\"https:\/\/www.friseur-coaching.de\/_musterweb2\/wp-content\/uploads\/2025\/02\/Charlotte-1024x1024.png\" class=\"attachment-large size-large wp-image-465\" alt=\"\" srcset=\"https:\/\/www.friseur-coaching.de\/_musterweb2\/wp-content\/uploads\/2025\/02\/Charlotte-1024x1024.png 1024w, https:\/\/www.friseur-coaching.de\/_musterweb2\/wp-content\/uploads\/2025\/02\/Charlotte-300x300.png 300w, https:\/\/www.friseur-coaching.de\/_musterweb2\/wp-content\/uploads\/2025\/02\/Charlotte-150x150.png 150w, https:\/\/www.friseur-coaching.de\/_musterweb2\/wp-content\/uploads\/2025\/02\/Charlotte-768x768.png 768w, https:\/\/www.friseur-coaching.de\/_musterweb2\/wp-content\/uploads\/2025\/02\/Charlotte-1536x1536.png 1536w, https:\/\/www.friseur-coaching.de\/_musterweb2\/wp-content\/uploads\/2025\/02\/Charlotte-2048x2048.png 2048w, https:\/\/www.friseur-coaching.de\/_musterweb2\/wp-content\/uploads\/2025\/02\/Charlotte-700x700.png 700w, https:\/\/www.friseur-coaching.de\/_musterweb2\/wp-content\/uploads\/2025\/02\/Charlotte-650x650.png 650w, https:\/\/www.friseur-coaching.de\/_musterweb2\/wp-content\/uploads\/2025\/02\/Charlotte-1300x1300.png 1300w\" sizes=\"(max-width: 1024px) 100vw, 1024px\" \/>\t\t\t\t\t\t\t\t\t\t\t\t\t\t\t<\/div>\n\t\t\t\t<\/div>\n\t\t\t\t<\/div>\n\t\t<div class=\"elementor-element elementor-element-9f64f9d e-con-full animated-slow e-flex wpr-particle-no wpr-jarallax-no wpr-parallax-no wpr-sticky-section-no elementor-invisible e-con e-child\" data-id=\"9f64f9d\" data-element_type=\"container\" data-settings=\"{&quot;background_background&quot;:&quot;classic&quot;,&quot;animation&quot;:&quot;fadeInRight&quot;,&quot;animation_delay&quot;:400,&quot;_ha_eqh_enable&quot;:false}\">\n\t\t\t\t<div class=\"elementor-element elementor-element-1ce1ce8 jltma-glass-effect-no elementor-widget elementor-widget-heading\" data-id=\"1ce1ce8\" data-element_type=\"widget\" data-widget_type=\"heading.default\">\n\t\t\t\t<div class=\"elementor-widget-container\">\n\t\t\t\t\t<h2 class=\"elementor-heading-title elementor-size-default\">Charlotte<\/h2>\t\t\t\t<\/div>\n\t\t\t\t<\/div>\n\t\t\t\t<div class=\"elementor-element elementor-element-c1777a4 jltma-glass-effect-no elementor-widget elementor-widget-heading\" data-id=\"c1777a4\" data-element_type=\"widget\" data-widget_type=\"heading.default\">\n\t\t\t\t<div class=\"elementor-widget-container\">\n\t\t\t\t\t<h2 class=\"elementor-heading-title elementor-size-default\">Inhaberin &amp; Masterstylistin<\/h2>\t\t\t\t<\/div>\n\t\t\t\t<\/div>\n\t\t\t\t<div class=\"elementor-element elementor-element-f8268dd jltma-glass-effect-no elementor-widget elementor-widget-text-editor\" data-id=\"f8268dd\" data-element_type=\"widget\" data-widget_type=\"text-editor.default\">\n\t\t\t\t<div class=\"elementor-widget-container\">\n\t\t\t\t\t\t\t\t\t<p>Mit 20 Jahren Erfahrung in der Friseurbranche hat sich Charlotte einen Namen als Expertin f\u00fcr Haare und Sch\u00f6nheit gemacht. Als Inhaberin der Susi&#8217;s Schnibbelbude lebt sie ihre Leidenschaft f\u00fcr ihren Beruf jeden Tag aufs Neue aus. Charlotte verf\u00fcgt \u00fcber umfangreiches Fachwissen und beherrscht ihr Handwerk perfekt. Sie ist immer auf der Suche nach neuen Inspirationen und setzt die neuesten Trends gekonnt um. Sie nimmt sich Zeit, um die W\u00fcnsche und Bed\u00fcrfnisse ihrer Kunden zu verstehen und gemeinsam mit Dir den perfekten Look zu finden.<\/p>\t\t\t\t\t\t\t\t<\/div>\n\t\t\t\t<\/div>\n\t\t\t\t<\/div>\n\t\t\t\t<\/div>\n\t\t<div class=\"elementor-element elementor-element-c4e7a01 e-con-full e-flex wpr-particle-no wpr-jarallax-no wpr-parallax-no wpr-sticky-section-no e-con e-parent\" data-id=\"c4e7a01\" data-element_type=\"container\" data-settings=\"{&quot;_ha_eqh_enable&quot;:false}\">\n\t\t<div class=\"elementor-element elementor-element-e09d5dc e-con-full animated-slow e-flex wpr-particle-no wpr-jarallax-no wpr-parallax-no wpr-sticky-section-no elementor-invisible e-con e-child\" data-id=\"e09d5dc\" data-element_type=\"container\" data-settings=\"{&quot;background_background&quot;:&quot;classic&quot;,&quot;animation&quot;:&quot;fadeInLeft&quot;,&quot;animation_delay&quot;:700,&quot;_ha_eqh_enable&quot;:false}\">\n\t\t\t\t<div class=\"elementor-element elementor-element-f1ece69 jltma-glass-effect-no elementor-widget elementor-widget-heading\" data-id=\"f1ece69\" data-element_type=\"widget\" data-widget_type=\"heading.default\">\n\t\t\t\t<div class=\"elementor-widget-container\">\n\t\t\t\t\t<h2 class=\"elementor-heading-title elementor-size-default\">Maria<\/h2>\t\t\t\t<\/div>\n\t\t\t\t<\/div>\n\t\t\t\t<div class=\"elementor-element elementor-element-a3cdaf9 jltma-glass-effect-no elementor-widget elementor-widget-heading\" data-id=\"a3cdaf9\" data-element_type=\"widget\" data-widget_type=\"heading.default\">\n\t\t\t\t<div class=\"elementor-widget-container\">\n\t\t\t\t\t<h2 class=\"elementor-heading-title elementor-size-default\">Topstylistin<\/h2>\t\t\t\t<\/div>\n\t\t\t\t<\/div>\n\t\t\t\t<div class=\"elementor-element elementor-element-0889e08 jltma-glass-effect-no elementor-widget elementor-widget-text-editor\" data-id=\"0889e08\" data-element_type=\"widget\" data-widget_type=\"text-editor.default\">\n\t\t\t\t<div class=\"elementor-widget-container\">\n\t\t\t\t\t\t\t\t\t<p>Maria ist eine wahre Meisterin ihres Fachs. Ihre Leidenschaft spiegelt sich in jeder ihrer Kreationen wider. Sie beherrscht die neuesten Techniken und Trends und ber\u00e4t ihre Kunden stets individuell und kompetent. Ob klassischer Haarschnitt, aufwendige Coloration oder trendiges Styling &#8211; Maria zaubert Dir den perfekten Look, der Deine Pers\u00f6nlichkeit unterstreicht.<\/p>\t\t\t\t\t\t\t\t<\/div>\n\t\t\t\t<\/div>\n\t\t\t\t<\/div>\n\t\t<div class=\"elementor-element elementor-element-6148733 e-con-full animated-slow e-flex wpr-particle-no wpr-jarallax-no wpr-parallax-no wpr-sticky-section-no elementor-invisible e-con e-child\" data-id=\"6148733\" data-element_type=\"container\" data-settings=\"{&quot;background_background&quot;:&quot;classic&quot;,&quot;animation&quot;:&quot;fadeInRight&quot;,&quot;animation_delay&quot;:700,&quot;_ha_eqh_enable&quot;:false}\">\n\t\t\t\t<div class=\"elementor-element elementor-element-3c8c9dc jltma-glass-effect-no elementor-widget elementor-widget-image\" data-id=\"3c8c9dc\" data-element_type=\"widget\" data-widget_type=\"image.default\">\n\t\t\t\t<div class=\"elementor-widget-container\">\n\t\t\t\t\t\t\t\t\t\t\t\t\t\t\t<img decoding=\"async\" width=\"1024\" height=\"1024\" src=\"https:\/\/www.friseur-coaching.de\/_musterweb2\/wp-content\/uploads\/2025\/02\/Maria-1024x1024.png\" class=\"attachment-large size-large wp-image-467\" alt=\"\" srcset=\"https:\/\/www.friseur-coaching.de\/_musterweb2\/wp-content\/uploads\/2025\/02\/Maria-1024x1024.png 1024w, https:\/\/www.friseur-coaching.de\/_musterweb2\/wp-content\/uploads\/2025\/02\/Maria-300x300.png 300w, https:\/\/www.friseur-coaching.de\/_musterweb2\/wp-content\/uploads\/2025\/02\/Maria-150x150.png 150w, https:\/\/www.friseur-coaching.de\/_musterweb2\/wp-content\/uploads\/2025\/02\/Maria-768x768.png 768w, https:\/\/www.friseur-coaching.de\/_musterweb2\/wp-content\/uploads\/2025\/02\/Maria-1536x1536.png 1536w, https:\/\/www.friseur-coaching.de\/_musterweb2\/wp-content\/uploads\/2025\/02\/Maria-2048x2048.png 2048w, https:\/\/www.friseur-coaching.de\/_musterweb2\/wp-content\/uploads\/2025\/02\/Maria-700x700.png 700w, https:\/\/www.friseur-coaching.de\/_musterweb2\/wp-content\/uploads\/2025\/02\/Maria-650x650.png 650w, https:\/\/www.friseur-coaching.de\/_musterweb2\/wp-content\/uploads\/2025\/02\/Maria-1300x1300.png 1300w\" sizes=\"(max-width: 1024px) 100vw, 1024px\" \/>\t\t\t\t\t\t\t\t\t\t\t\t\t\t\t<\/div>\n\t\t\t\t<\/div>\n\t\t\t\t<\/div>\n\t\t\t\t<\/div>\n\t\t<div class=\"elementor-element elementor-element-7177f07 e-con-full e-flex wpr-particle-no wpr-jarallax-no wpr-parallax-no wpr-sticky-section-no e-con e-parent\" data-id=\"7177f07\" data-element_type=\"container\" data-settings=\"{&quot;_ha_eqh_enable&quot;:false}\">\n\t\t<div class=\"elementor-element elementor-element-83776a8 e-con-full animated-slow e-flex wpr-particle-no wpr-jarallax-no wpr-parallax-no wpr-sticky-section-no elementor-invisible e-con e-child\" data-id=\"83776a8\" data-element_type=\"container\" data-settings=\"{&quot;background_background&quot;:&quot;classic&quot;,&quot;animation&quot;:&quot;fadeInLeft&quot;,&quot;animation_delay&quot;:900,&quot;_ha_eqh_enable&quot;:false}\">\n\t\t\t\t<div class=\"elementor-element elementor-element-c88bb40 jltma-glass-effect-no elementor-widget elementor-widget-image\" data-id=\"c88bb40\" data-element_type=\"widget\" data-widget_type=\"image.default\">\n\t\t\t\t<div class=\"elementor-widget-container\">\n\t\t\t\t\t\t\t\t\t\t\t\t\t\t\t<img loading=\"lazy\" decoding=\"async\" width=\"1024\" height=\"1024\" src=\"https:\/\/www.friseur-coaching.de\/_musterweb2\/wp-content\/uploads\/2025\/02\/Lena-1024x1024.png\" class=\"attachment-large size-large wp-image-468\" alt=\"\" srcset=\"https:\/\/www.friseur-coaching.de\/_musterweb2\/wp-content\/uploads\/2025\/02\/Lena-1024x1024.png 1024w, https:\/\/www.friseur-coaching.de\/_musterweb2\/wp-content\/uploads\/2025\/02\/Lena-300x300.png 300w, https:\/\/www.friseur-coaching.de\/_musterweb2\/wp-content\/uploads\/2025\/02\/Lena-150x150.png 150w, https:\/\/www.friseur-coaching.de\/_musterweb2\/wp-content\/uploads\/2025\/02\/Lena-768x768.png 768w, https:\/\/www.friseur-coaching.de\/_musterweb2\/wp-content\/uploads\/2025\/02\/Lena-1536x1536.png 1536w, https:\/\/www.friseur-coaching.de\/_musterweb2\/wp-content\/uploads\/2025\/02\/Lena-2048x2048.png 2048w, https:\/\/www.friseur-coaching.de\/_musterweb2\/wp-content\/uploads\/2025\/02\/Lena-700x700.png 700w, https:\/\/www.friseur-coaching.de\/_musterweb2\/wp-content\/uploads\/2025\/02\/Lena-650x650.png 650w, https:\/\/www.friseur-coaching.de\/_musterweb2\/wp-content\/uploads\/2025\/02\/Lena-1300x1300.png 1300w\" sizes=\"(max-width: 1024px) 100vw, 1024px\" \/>\t\t\t\t\t\t\t\t\t\t\t\t\t\t\t<\/div>\n\t\t\t\t<\/div>\n\t\t\t\t<\/div>\n\t\t<div class=\"elementor-element elementor-element-77513b3 e-con-full animated-slow e-flex wpr-particle-no wpr-jarallax-no wpr-parallax-no wpr-sticky-section-no elementor-invisible e-con e-child\" data-id=\"77513b3\" data-element_type=\"container\" data-settings=\"{&quot;background_background&quot;:&quot;classic&quot;,&quot;animation&quot;:&quot;fadeInRight&quot;,&quot;animation_delay&quot;:900,&quot;_ha_eqh_enable&quot;:false}\">\n\t\t\t\t<div class=\"elementor-element elementor-element-fc0bd24 jltma-glass-effect-no elementor-widget elementor-widget-heading\" data-id=\"fc0bd24\" data-element_type=\"widget\" data-widget_type=\"heading.default\">\n\t\t\t\t<div class=\"elementor-widget-container\">\n\t\t\t\t\t<h2 class=\"elementor-heading-title elementor-size-default\">Lena<\/h2>\t\t\t\t<\/div>\n\t\t\t\t<\/div>\n\t\t\t\t<div class=\"elementor-element elementor-element-b430b2c jltma-glass-effect-no elementor-widget elementor-widget-heading\" data-id=\"b430b2c\" data-element_type=\"widget\" data-widget_type=\"heading.default\">\n\t\t\t\t<div class=\"elementor-widget-container\">\n\t\t\t\t\t<h2 class=\"elementor-heading-title elementor-size-default\">Topstylistin<\/h2>\t\t\t\t<\/div>\n\t\t\t\t<\/div>\n\t\t\t\t<div class=\"elementor-element elementor-element-da454c1 jltma-glass-effect-no elementor-widget elementor-widget-text-editor\" data-id=\"da454c1\" data-element_type=\"widget\" data-widget_type=\"text-editor.default\">\n\t\t\t\t<div class=\"elementor-widget-container\">\n\t\t\t\t\t\t\t\t\t<p>Lena ist ein Profi auf dem Gebiet der Coloration &#8211; von nat\u00fcrlichen Highlights bis hin zu kreativen Farbver\u00e4nderungen. Ob f\u00fcr den Alltag oder einen besonderen Anlass, Lena kreiert f\u00fcr Dich ein Styling, das Dich begeistern wird. Sie nimmt sich Zeit, um Deine W\u00fcnsche zu verstehen und gemeinsam mit Ir den idealen Haarschnitt zu finden.<\/p>\t\t\t\t\t\t\t\t<\/div>\n\t\t\t\t<\/div>\n\t\t\t\t<\/div>\n\t\t\t\t<\/div>\n\t\t<div class=\"elementor-element elementor-element-e7938f1 e-con-full e-flex wpr-particle-no wpr-jarallax-no wpr-parallax-no wpr-sticky-section-no e-con e-parent\" data-id=\"e7938f1\" data-element_type=\"container\" data-settings=\"{&quot;background_background&quot;:&quot;classic&quot;,&quot;_ha_eqh_enable&quot;:false}\">\n\t\t\t\t<div class=\"elementor-element elementor-element-c4bbb28 animated-slow jltma-glass-effect-no elementor-invisible elementor-widget elementor-widget-heading\" data-id=\"c4bbb28\" data-element_type=\"widget\" data-settings=\"{&quot;_animation&quot;:&quot;fadeInUp&quot;,&quot;_animation_delay&quot;:1000}\" data-widget_type=\"heading.default\">\n\t\t\t\t<div class=\"elementor-widget-container\">\n\t\t\t\t\t<h2 class=\"elementor-heading-title elementor-size-default\">Lerne unser Team pers\u00f6nlich kennen und lass Dich von unserer Leidenschaft f\u00fcr Haare und Sch\u00f6nheit \u00fcberzeugen. <br>Vereinbare noch heute mit uns ein Termin.<\/h2>\t\t\t\t<\/div>\n\t\t\t\t<\/div>\n\t\t\t\t<div class=\"elementor-element elementor-element-8882c8c elementor-align-center animated-slow jltma-glass-effect-no elementor-invisible elementor-widget elementor-widget-bdt-creative-button\" data-id=\"8882c8c\" data-element_type=\"widget\" data-settings=\"{&quot;_animation&quot;:&quot;fadeInUp&quot;,&quot;_animation_delay&quot;:1200}\" data-widget_type=\"bdt-creative-button.default\">\n\t\t\t\t<div class=\"elementor-widget-container\">\n\t\t\t\t\t\t\t\t\t\t<a href=\"#\" class=\"bdt-ep-creative-button bdt-ep-creative-button--narvi elementor-animation-grow\"><span><span>Termin buchen<\/span><\/span><\/a>\n\t\t\n\t\t\t\t\t\t<\/div>\n\t\t\t\t<\/div>\n\t\t\t\t<\/div>\n\t\t\t\t<\/div>\n\t\t","protected":false},"excerpt":{"rendered":"<p>Unser freundliches Team empf\u00e4ngt Dich mit einem L\u00e4cheln und sorgt daf\u00fcr, dass Du Dichrundum wohlf\u00fchlst. Team Charlotte Inhaberin &amp; Masterstylistin Mit 20 Jahren Erfahrung in der Friseurbranche hat sich Charlotte einen Namen als Expertin f\u00fcr Haare und Sch\u00f6nheit gemacht. Als Inhaberin der Susi&#8217;s Schnibbelbude lebt sie ihre Leidenschaft f\u00fcr ihren Beruf jeden Tag aufs Neue aus. Charlotte verf\u00fcgt \u00fcber umfangreiches Fachwissen und beherrscht ihr Handwerk perfekt. Sie ist immer auf der Suche nach neuen Inspirationen und setzt die neuesten Trends gekonnt um. Sie nimmt sich Zeit, um die W\u00fcnsche und Bed\u00fcrfnisse ihrer Kunden zu verstehen und gemeinsam mit Dir den perfekten Look zu finden. Maria Topstylistin Maria ist eine wahre Meisterin ihres Fachs. Ihre Leidenschaft spiegelt sich in jeder ihrer Kreationen wider. Sie beherrscht die neuesten Techniken und Trends und ber\u00e4t ihre Kunden stets individuell und kompetent. Ob klassischer Haarschnitt, aufwendige Coloration oder trendiges Styling &#8211; Maria zaubert Dir den perfekten Look, der Deine Pers\u00f6nlichkeit unterstreicht. Lena Topstylistin Lena ist ein Profi auf dem Gebiet der Coloration &#8211; von nat\u00fcrlichen Highlights bis hin zu kreativen Farbver\u00e4nderungen. Ob f\u00fcr den Alltag oder einen besonderen Anlass, Lena kreiert f\u00fcr Dich ein Styling, das Dich begeistern wird. Sie nimmt sich Zeit, um Deine W\u00fcnsche zu verstehen und gemeinsam mit Ir den idealen Haarschnitt zu finden. Lerne unser Team pers\u00f6nlich kennen und lass Dich von unserer Leidenschaft f\u00fcr Haare und Sch\u00f6nheit \u00fcberzeugen. Vereinbare noch heute mit uns ein Termin. Termin buchen<\/p>\n","protected":false},"author":1,"featured_media":0,"parent":0,"menu_order":0,"comment_status":"closed","ping_status":"closed","template":"","meta":{"site-sidebar-layout":"no-sidebar","site-content-layout":"","ast-site-content-layout":"full-width-container","site-content-style":"default","site-sidebar-style":"default","ast-global-header-display":"","ast-banner-title-visibility":"","ast-main-header-display":"","ast-hfb-above-header-display":"","ast-hfb-below-header-display":"","ast-hfb-mobile-header-display":"","site-post-title":"disabled","ast-breadcrumbs-content":"","ast-featured-img":"disabled","footer-sml-layout":"","theme-transparent-header-meta":"","adv-header-id-meta":"","stick-header-meta":"","header-above-stick-meta":"","header-main-stick-meta":"","header-below-stick-meta":"","astra-migrate-meta-layouts":"default","ast-page-background-enabled":"default","ast-page-background-meta":{"desktop":{"background-color":"var(--ast-global-color-5)","background-image":"","background-repeat":"repeat","background-position":"center center","background-size":"auto","background-attachment":"scroll","background-type":"","background-media":"","overlay-type":"","overlay-color":"","overlay-opacity":"","overlay-gradient":""},"tablet":{"background-color":"","background-image":"","background-repeat":"repeat","background-position":"center center","background-size":"auto","background-attachment":"scroll","background-type":"","background-media":"","overlay-type":"","overlay-color":"","overlay-opacity":"","overlay-gradient":""},"mobile":{"background-color":"","background-image":"","background-repeat":"repeat","background-position":"center center","background-size":"auto","background-attachment":"scroll","background-type":"","background-media":"","overlay-type":"","overlay-color":"","overlay-opacity":"","overlay-gradient":""}},"ast-content-background-meta":{"desktop":{"background-color":"var(--ast-global-color-4)","background-image":"","background-repeat":"repeat","background-position":"center center","background-size":"auto","background-attachment":"scroll","background-type":"","background-media":"","overlay-type":"","overlay-color":"","overlay-opacity":"","overlay-gradient":""},"tablet":{"background-color":"var(--ast-global-color-4)","background-image":"","background-repeat":"repeat","background-position":"center center","background-size":"auto","background-attachment":"scroll","background-type":"","background-media":"","overlay-type":"","overlay-color":"","overlay-opacity":"","overlay-gradient":""},"mobile":{"background-color":"var(--ast-global-color-4)","background-image":"","background-repeat":"repeat","background-position":"center center","background-size":"auto","background-attachment":"scroll","background-type":"","background-media":"","overlay-type":"","overlay-color":"","overlay-opacity":"","overlay-gradient":""}},"footnotes":""},"class_list":["post-17","page","type-page","status-publish","hentry"],"_links":{"self":[{"href":"https:\/\/www.friseur-coaching.de\/_musterweb2\/wp-json\/wp\/v2\/pages\/17","targetHints":{"allow":["GET"]}}],"collection":[{"href":"https:\/\/www.friseur-coaching.de\/_musterweb2\/wp-json\/wp\/v2\/pages"}],"about":[{"href":"https:\/\/www.friseur-coaching.de\/_musterweb2\/wp-json\/wp\/v2\/types\/page"}],"author":[{"embeddable":true,"href":"https:\/\/www.friseur-coaching.de\/_musterweb2\/wp-json\/wp\/v2\/users\/1"}],"replies":[{"embeddable":true,"href":"https:\/\/www.friseur-coaching.de\/_musterweb2\/wp-json\/wp\/v2\/comments?post=17"}],"version-history":[{"count":56,"href":"https:\/\/www.friseur-coaching.de\/_musterweb2\/wp-json\/wp\/v2\/pages\/17\/revisions"}],"predecessor-version":[{"id":1076,"href":"https:\/\/www.friseur-coaching.de\/_musterweb2\/wp-json\/wp\/v2\/pages\/17\/revisions\/1076"}],"wp:attachment":[{"href":"https:\/\/www.friseur-coaching.de\/_musterweb2\/wp-json\/wp\/v2\/media?parent=17"}],"curies":[{"name":"wp","href":"https:\/\/api.w.org\/{rel}","templated":true}]}}